{"id":12,"date":"2023-05-09T13:42:53","date_gmt":"2023-05-09T16:42:53","guid":{"rendered":"http:\/\/archivos.publitas.cl\/vellatrixfinco\/?page_id=12"},"modified":"2023-05-10T12:14:37","modified_gmt":"2023-05-10T15:14:37","slug":"inicio","status":"publish","type":"page","link":"https:\/\/archivos.publitas.cl\/vellatrixfinco\/","title":{"rendered":""},"content":{"rendered":"<div class=\"vce-row-container\" data-vce-boxed-width=\"true\"><div class=\"vce-row vce-row--col-gap-30 vce-row-equal-height vce-row-content--top\" id=\"el-f22d36cf\" data-vce-do-apply=\"all el-f22d36cf\"><div class=\"vce-row-content\" data-vce-element-content=\"true\"><div class=\"vce-col vce-col--md-auto vce-col--xs-1 vce-col--xs-last vce-col--xs-first vce-col--sm-last vce-col--sm-first vce-col--md-last vce-col--lg-last vce-col--xl-last vce-col--md-first vce-col--lg-first vce-col--xl-first\" id=\"el-46821463\"><div class=\"vce-col-inner\" data-vce-do-apply=\"border margin background  el-46821463\"><div class=\"vce-col-content\" data-vce-element-content=\"true\" data-vce-do-apply=\"padding el-46821463\"><div class=\"vce-single-image-container vce-single-image--align-center\"><div class=\"vce vce-single-image-wrapper\" id=\"el-a17b02cf\" data-vce-do-apply=\"all el-a17b02cf\"><figure><div class=\"vce-single-image-figure-inner\" style=\"width: 596px;\"><div class=\"vce-single-image-inner vce-single-image--absolute\" style=\"width: 100%; padding-bottom: 32.047%;\"><img loading=\"lazy\" decoding=\"async\" class=\"vce-single-image\"  width=\"596\" height=\"191\" srcset=\"https:\/\/archivos.publitas.cl\/vellatrixfinco\/wp-content\/uploads\/2023\/05\/logoVellatrix-320x103.png 320w, https:\/\/archivos.publitas.cl\/vellatrixfinco\/wp-content\/uploads\/2023\/05\/logoVellatrix-480x154.png 480w, https:\/\/archivos.publitas.cl\/vellatrixfinco\/wp-content\/uploads\/2023\/05\/logoVellatrix-596x191.png 596w\" src=\"https:\/\/archivos.publitas.cl\/vellatrixfinco\/wp-content\/uploads\/2023\/05\/logoVellatrix-596x191.png\" data-img-src=\"https:\/\/archivos.publitas.cl\/vellatrixfinco\/wp-content\/uploads\/2023\/05\/logoVellatrix.png\" data-attachment-id=\"18\"  alt=\"\" title=\"logoVellatrix\" \/><\/div><\/div><figcaption hidden=\"\"><\/figcaption><\/figure><\/div><\/div><\/div><\/div><\/div><\/div><\/div><\/div><div class=\"vce-row-container\" data-vce-boxed-width=\"true\"><div class=\"vce-row vce-row--col-gap-30 vce-row-equal-height vce-row-content--top\" id=\"el-534068b7\" data-vce-do-apply=\"all el-534068b7\"><div class=\"vce-row-content\" data-vce-element-content=\"true\"><div class=\"vce-col vce-col--md-auto vce-col--xs-1 vce-col--xs-last vce-col--xs-first vce-col--sm-last vce-col--sm-first vce-col--md-last vce-col--lg-last vce-col--xl-last vce-col--md-first vce-col--lg-first vce-col--xl-first\" id=\"el-5f57441a\"><div class=\"vce-col-inner\" data-vce-do-apply=\"border margin background  el-5f57441a\"><div class=\"vce-col-content\" data-vce-element-content=\"true\" data-vce-do-apply=\"padding el-5f57441a\"><div class=\"vce-button--style-basic-container btnProyectos vce-button--style-basic-container--align-center\"><span class=\"vce-button--style-basic-wrapper vce vce-button--style-basic-wrapper--stretched\" id=\"el-7090b256\" data-vce-do-apply=\"margin el-7090b256\"><a class=\"vce-button vce-button--style-basic vce-button--style-basic--border-rounded vce-button--style-basic--size-large vce-button--style-basic--color-b-255-255-255--b-27-52-241 vce-button--style-basic--hover-color-b-0-159-227--fff\" href=\"https:\/\/archivos.publitas.cl\/vellatrixfinco\/maipu-life\/\" title=\"\" id=\"btnMaipu\" data-vce-do-apply=\"padding border background  el-7090b256\" data-vce-animate=\"vce-o-animate--None\" data-vce-animate-delay=\"vce-o-animate-delay--0\">Maip\u00fa Life<\/a><\/span><\/div><div class=\"vce-button--style-basic-container btnProyectos vce-button--style-basic-container--align-center\"><span class=\"vce-button--style-basic-wrapper vce vce-button--style-basic-wrapper--stretched\" id=\"el-f64d3f04\" data-vce-do-apply=\"margin el-f64d3f04\"><a class=\"vce-button vce-button--style-basic vce-button--style-basic--border-rounded vce-button--style-basic--size-large vce-button--style-basic--color-b-255-255-255--b-27-52-241 vce-button--style-basic--hover-color-b-0-159-227--fff\" href=\"https:\/\/archivos.publitas.cl\/vellatrixfinco\/heras-1565\/\" title=\"\" id=\"btnHeras\" data-vce-do-apply=\"padding border background  el-f64d3f04\" data-vce-animate=\"vce-o-animate--None\" data-vce-animate-delay=\"vce-o-animate-delay--0\">Heras 1565<\/a><\/span><\/div><div class=\"vce-button--style-basic-container btnProyectos vce-button--style-basic-container--align-center\"><span class=\"vce-button--style-basic-wrapper vce vce-button--style-basic-wrapper--stretched\" id=\"el-b40e5336\" data-vce-do-apply=\"margin el-b40e5336\"><a class=\"vce-button vce-button--style-basic vce-button--style-basic--border-rounded vce-button--style-basic--size-large vce-button--style-basic--color-b-255-255-255--b-27-52-241 vce-button--style-basic--hover-color-b-0-159-227--fff\" href=\"https:\/\/archivos.publitas.cl\/vellatrixfinco\/vivo-rengo\/\" title=\"\" id=\"btnRengo\" data-vce-do-apply=\"padding border background  el-b40e5336\" data-vce-animate=\"vce-o-animate--None\" data-vce-animate-delay=\"vce-o-animate-delay--0\">Vivo Rengo<\/a><\/span><\/div><div class=\"vce-button--style-basic-container btnProyectos vce-button--style-basic-container--align-center\"><span class=\"vce-button--style-basic-wrapper vce vce-button--style-basic-wrapper--stretched\" id=\"el-eefa156b\" data-vce-do-apply=\"margin el-eefa156b\"><a class=\"vce-button vce-button--style-basic vce-button--style-basic--border-rounded vce-button--style-basic--size-large vce-button--style-basic--color-b-255-255-255--b-27-52-241 vce-button--style-basic--hover-color-b-0-159-227--fff\" href=\"https:\/\/archivos.publitas.cl\/vellatrixfinco\/nuevo-18\/\" title=\"\" id=\"btnNuevo18\" data-vce-do-apply=\"padding border background  el-eefa156b\" data-vce-animate=\"vce-o-animate--None\" data-vce-animate-delay=\"vce-o-animate-delay--0\">Nuevo 18<\/a><\/span><\/div><\/div><\/div><\/div><\/div><\/div><\/div><div class=\"vce-row-container\" data-vce-boxed-width=\"true\"><div class=\"vce-row vce-row--col-gap-30 vce-row-equal-height vce-row-content--top\" id=\"el-043cb684\" data-vce-do-apply=\"all el-043cb684\"><div class=\"vce-row-content\" data-vce-element-content=\"true\"><div class=\"vce-col vce-col--md-auto vce-col--xs-1 vce-col--xs-last vce-col--xs-first vce-col--sm-last vce-col--sm-first vce-col--md-last vce-col--lg-last vce-col--xl-last vce-col--md-first vce-col--lg-first vce-col--xl-first\" id=\"el-4f2b44b7\"><div class=\"vce-col-inner\" data-vce-do-apply=\"border margin background  el-4f2b44b7\"><div class=\"vce-col-content\" data-vce-element-content=\"true\" data-vce-do-apply=\"padding el-4f2b44b7\"><div class=\"vce-text-block\"><div class=\"vce-text-block-wrapper vce\" id=\"el-aef3577b\" data-vce-do-apply=\"all el-aef3577b\"><p style=\"text-align: center;\"><span style=\"color: #ccffff; font-size: 10pt;\">Si bien las im\u00e1genes e informaci\u00f3n contenidas en este sitio web buscan ser lo m\u00e1s realista posible, son meramente ilustrativas y referenciales, por lo que podr\u00edan no representar exactamente la realidad. La empresa se reserva la facultad de efectuar cambios en los proyectos. Las cotizaciones las podr\u00e1 solicitar v\u00eda internet o redes sociales y exigir en nuestras salas de venta. Asimismo los precios est\u00e1n sujetos a disponibilidad de los departamentos ofertados<\/span><\/p><p style=\"text-align: center;\"><span style=\"color: #ccffff; font-size: 10pt;\">Copyright \u00a9 2023 Inmobiliaria Vellatrix \u00b7 Concepci\u00f3n, Chile<\/span><\/p><\/div><\/div><\/div><\/div><\/div><\/div><\/div><\/div><div class=\"vce-row-container\" data-vce-boxed-width=\"true\"><div class=\"vce-row vce-row--col-gap-30 vce-row-equal-height vce-row-content--top\" id=\"el-a50f3b57\" data-vce-do-apply=\"all el-a50f3b57\"><div class=\"vce-row-content\" data-vce-element-content=\"true\"><div class=\"vce-col vce-col--md-auto vce-col--xs-1 vce-col--xs-last vce-col--xs-first vce-col--sm-last vce-col--sm-first vce-col--md-last vce-col--lg-last vce-col--xl-last vce-col--md-first vce-col--lg-first vce-col--xl-first\" id=\"el-83b893a5\"><div class=\"vce-col-inner\" data-vce-do-apply=\"border margin background  el-83b893a5\"><div class=\"vce-col-content\" data-vce-element-content=\"true\" data-vce-do-apply=\"padding el-83b893a5\"><div class=\"vce-single-image-container vce-single-image--align-center\"><div class=\"vce vce-single-image-wrapper\" id=\"el-4e599b5c\" data-vce-do-apply=\"all el-4e599b5c\"><figure><div class=\"vce-single-image-figure-inner\" style=\"width: 450px;\"><div class=\"vce-single-image-inner vce-single-image--absolute\" style=\"width: 100%; padding-bottom: 9.11111%;\"><img loading=\"lazy\" decoding=\"async\" class=\"vce-single-image\"  width=\"450\" height=\"41\" srcset=\"https:\/\/archivos.publitas.cl\/vellatrixfinco\/wp-content\/uploads\/2023\/05\/rrss-320x29.png 320w, https:\/\/archivos.publitas.cl\/vellatrixfinco\/wp-content\/uploads\/2023\/05\/rrss-450x41.png 450w\" src=\"https:\/\/archivos.publitas.cl\/vellatrixfinco\/wp-content\/uploads\/2023\/05\/rrss-450x41.png\" data-img-src=\"https:\/\/archivos.publitas.cl\/vellatrixfinco\/wp-content\/uploads\/2023\/05\/rrss.png\" data-attachment-id=\"16\"  alt=\"\" title=\"rrss\" \/><\/div><\/div><figcaption hidden=\"\"><\/figcaption><\/figure><\/div><\/div><\/div><\/div><\/div><\/div><\/div><\/div>\n","protected":false},"excerpt":{"rendered":"<p>Maip\u00fa LifeHeras 1565Vivo RengoNuevo 18Si bien las im\u00e1genes e informaci\u00f3n contenidas en este sitio web buscan ser lo m\u00e1s realista posible, son meramente ilustrativas y referenciales, por lo que podr\u00edan no representar exactamente la realidad. La empresa se reserva la facultad de efectuar cambios en los proyectos. Las cotizaciones las podr\u00e1 solicitar v\u00eda internet o [&hellip;]<\/p>\n","protected":false},"author":1,"featured_media":0,"parent":0,"menu_order":0,"comment_status":"closed","ping_status":"closed","template":"","meta":{"footnotes":""},"class_list":["post-12","page","type-page","status-publish","hentry"],"_links":{"self":[{"href":"https:\/\/archivos.publitas.cl\/vellatrixfinco\/wp-json\/wp\/v2\/pages\/12","targetHints":{"allow":["GET"]}}],"collection":[{"href":"https:\/\/archivos.publitas.cl\/vellatrixfinco\/wp-json\/wp\/v2\/pages"}],"about":[{"href":"https:\/\/archivos.publitas.cl\/vellatrixfinco\/wp-json\/wp\/v2\/types\/page"}],"author":[{"embeddable":true,"href":"https:\/\/archivos.publitas.cl\/vellatrixfinco\/wp-json\/wp\/v2\/users\/1"}],"replies":[{"embeddable":true,"href":"https:\/\/archivos.publitas.cl\/vellatrixfinco\/wp-json\/wp\/v2\/comments?post=12"}],"version-history":[{"count":6,"href":"https:\/\/archivos.publitas.cl\/vellatrixfinco\/wp-json\/wp\/v2\/pages\/12\/revisions"}],"predecessor-version":[{"id":129,"href":"https:\/\/archivos.publitas.cl\/vellatrixfinco\/wp-json\/wp\/v2\/pages\/12\/revisions\/129"}],"wp:attachment":[{"href":"https:\/\/archivos.publitas.cl\/vellatrixfinco\/wp-json\/wp\/v2\/media?parent=12"}],"curies":[{"name":"wp","href":"https:\/\/api.w.org\/{rel}","templated":true}]}}