{"id":26,"date":"2023-05-09T14:29:18","date_gmt":"2023-05-09T17:29:18","guid":{"rendered":"https:\/\/archivos.publitas.cl\/vellatrixfinco\/?page_id=26"},"modified":"2024-04-17T12:32:35","modified_gmt":"2024-04-17T15:32:35","slug":"maipu-life","status":"publish","type":"page","link":"https:\/\/archivos.publitas.cl\/vellatrixfinco\/maipu-life\/","title":{"rendered":"Maip\u00fa Life"},"content":{"rendered":"<div class=\"vce-row-container\"><div class=\"vce-row vce-row--has-col-background vce-element--has-background vce-row--col-gap-30 vce-row-equal-height vce-row-content--top\" data-vce-full-width=\"true\" data-vce-stretch-content=\"true\" id=\"el-586b8f4f\" data-vce-do-apply=\"all el-586b8f4f\"><div class=\"vce-content-background-container\"><\/div><div class=\"vce-row-content\" data-vce-element-content=\"true\"><div class=\"vce-col vce-element--has-background vce-col--md-auto vce-col--xs-1 vce-col--xs-last vce-col--xs-first vce-col--sm-last vce-col--sm-first vce-col--md-last vce-col--lg-last vce-col--xl-last vce-col--md-first vce-col--lg-first vce-col--xl-first\" id=\"el-af6391d3\"><div class=\"vce-col-inner\" data-vce-do-apply=\"border margin background  el-af6391d3\" id=\"cabecera\"><div class=\"vce-content-background-container\"><\/div><div class=\"vce-col-content\" data-vce-element-content=\"true\" data-vce-do-apply=\"padding el-af6391d3\"><div class=\"vce-single-image-container vce-single-image--align-center\"><div class=\"vce vce-single-image-wrapper\" id=\"el-c4c653af\" data-vce-do-apply=\"all el-c4c653af\"><figure><div class=\"vce-single-image-figure-inner\" style=\"width: 400px;\"><div class=\"vce-single-image-inner vce-single-image--absolute\" style=\"width: 100%; padding-bottom: 31.25%;\"><img loading=\"lazy\" decoding=\"async\" class=\"vce-single-image\"  width=\"400\" height=\"125\" srcset=\"https:\/\/archivos.publitas.cl\/vellatrixfinco\/wp-content\/uploads\/2023\/05\/logoVellatrix-320x103.png 320w, https:\/\/archivos.publitas.cl\/vellatrixfinco\/wp-content\/uploads\/2023\/05\/logoVellatrix-480x154.png 480w, https:\/\/archivos.publitas.cl\/vellatrixfinco\/wp-content\/uploads\/2024\/04\/logoVellatrix-400x125.png 400w\" src=\"https:\/\/archivos.publitas.cl\/vellatrixfinco\/wp-content\/uploads\/2024\/04\/logoVellatrix-400x125.png\" data-img-src=\"https:\/\/archivos.publitas.cl\/vellatrixfinco\/wp-content\/uploads\/2023\/05\/logoVellatrix.png\" data-attachment-id=\"18\"  alt=\"\" title=\"logoVellatrix\" \/><\/div><\/div><figcaption hidden=\"\"><\/figcaption><\/figure><\/div><\/div><\/div><\/div><\/div><\/div><\/div><\/div><div class=\"vce-row-container\" data-vce-boxed-width=\"true\"><div class=\"vce-row vce-row--col-gap-30 vce-row-equal-height vce-row-content--top\" id=\"el-0a0a6c42\" data-vce-do-apply=\"all el-0a0a6c42\"><div class=\"vce-row-content\" data-vce-element-content=\"true\"><div class=\"vce-col vce-col--md-auto vce-col--xs-1 vce-col--xs-last vce-col--xs-first vce-col--sm-last vce-col--sm-first vce-col--md-last vce-col--lg-last vce-col--xl-last vce-col--md-first vce-col--lg-first vce-col--xl-first\" id=\"el-c7aceaf9\"><div class=\"vce-col-inner\" data-vce-do-apply=\"border margin background  el-c7aceaf9\"><div class=\"vce-col-content\" data-vce-element-content=\"true\" data-vce-do-apply=\"padding el-c7aceaf9\"><div class=\"vce-text-block\"><div class=\"vce-text-block-wrapper vce\" id=\"el-e7b8098f\" data-vce-do-apply=\"all el-e7b8098f\"><h1 class=\"nombreProyecto\">Maip\u00fa Life<\/h1><br><h2 class=\"ciudad\">Concepci\u00f3n<\/h2><\/div><\/div><\/div><\/div><\/div><\/div><\/div><\/div><div class=\"vce-row-container\" data-vce-boxed-width=\"true\"><div class=\"vce-row vce-row--col-gap-30 vce-row-equal-height vce-row-content--top\" id=\"el-791c8fc5\" data-vce-do-apply=\"all el-791c8fc5\"><div class=\"vce-content-background-container\"><\/div><div class=\"vce-row-content\" data-vce-element-content=\"true\"><div class=\"vce-col vce-col--md-auto vce-col--xs-1 vce-col--xs-last vce-col--xs-first vce-col--sm-last vce-col--sm-first vce-col--md-first vce-col--lg-first vce-col--xl-first\" id=\"el-aa23f2ae\"><div class=\"vce-col-inner\" data-vce-do-apply=\"border margin background  el-aa23f2ae\"><div class=\"vce-col-content\" data-vce-element-content=\"true\" data-vce-do-apply=\"padding el-aa23f2ae\"><div class=\"vce-text-block\" id=\"capsula\"><div class=\"vce-text-block-wrapper vce\" id=\"el-e6826182\" data-vce-do-apply=\"all el-e6826182\"><p class=\"capsulasInfo\">Entrega Inmediata<\/p><\/div><\/div><\/div><\/div><\/div><div class=\"vce-col vce-col--md-auto vce-col--xs-1 vce-col--xs-last vce-col--xs-first vce-col--sm-last vce-col--sm-first\" id=\"el-d0c9b322\"><div class=\"vce-col-inner\" data-vce-do-apply=\"border margin background  el-d0c9b322\"><div class=\"vce-col-content\" data-vce-element-content=\"true\" data-vce-do-apply=\"padding el-d0c9b322\"><div class=\"vce-text-block\" id=\"capsula\"><div class=\"vce-text-block-wrapper vce\" id=\"el-127d96b0\" data-vce-do-apply=\"all el-127d96b0\"><p class=\"capsulasInfo\">1 y 2 dorms<\/p><\/div><\/div><\/div><\/div><\/div><div class=\"vce-col vce-col--md-auto vce-col--xs-1 vce-col--xs-last vce-col--xs-first vce-col--sm-last vce-col--sm-first vce-col--md-last vce-col--lg-last vce-col--xl-last\" id=\"el-bfedaf16\"><div class=\"vce-col-inner\" data-vce-do-apply=\"border margin background  el-bfedaf16\"><div class=\"vce-col-content\" data-vce-element-content=\"true\" data-vce-do-apply=\"padding el-bfedaf16\"><div class=\"vce-text-block\" id=\"capsula\"><div class=\"vce-text-block-wrapper vce\" id=\"el-d7d425bc\" data-vce-do-apply=\"all el-d7d425bc\"><p class=\"capsulasInfo\">Desde <br>2.962 UF<\/p><\/div><\/div><\/div><\/div><\/div><\/div><\/div><\/div><div class=\"vce-row-container\" id=\"caja\"><div class=\"vce-row vce-element--has-background vce-row--col-gap-0 cajaVideo vce-row-equal-height vce-row-content--top\" data-vce-full-width=\"true\" data-vce-stretch-content=\"true\" id=\"el-d4f5fb53\" data-vce-do-apply=\"all el-d4f5fb53\"><div class=\"vce-content-background-container\"><div class=\"vce-asset-background-simple-container vce-visible-all-only vce-asset-background-simple--style-cover vce-asset-background-simple--position-center-top\"><div class=\"vce-asset-background-simple\">\n              <div class=\"vce-asset-background-simple-item vcv-lozad\" data-background-image=\"https:\/\/archivos.publitas.cl\/vellatrixfinco\/wp-content\/uploads\/2023\/05\/foto-MaipuLife.jpg\"><\/div>\n              <noscript>\n                <div class=\"vce-asset-background-simple-item\" style=\"background-image: url(https:\/\/archivos.publitas.cl\/vellatrixfinco\/wp-content\/uploads\/2023\/05\/foto-MaipuLife.jpg)\"><\/div>\n              <\/noscript>\n            <\/div><\/div><\/div><div class=\"vce-row-content\" data-vce-element-content=\"true\"><div class=\"vce-col vce-col--md-auto vce-col--xs-1 vce-col--xs-last vce-col--xs-first vce-col--sm-last vce-col--sm-first vce-col--md-last vce-col--lg-last vce-col--xl-last vce-col--md-first vce-col--lg-first vce-col--xl-first\" id=\"el-4e1e8f34\"><div class=\"vce-col-inner\" data-vce-do-apply=\"border margin background  el-4e1e8f34\"><div class=\"vce-col-content\" data-vce-element-content=\"true\" data-vce-do-apply=\"padding el-4e1e8f34\"><div class=\"vce-row-container\" data-vce-boxed-width=\"true\"><div class=\"vce-row vce-row--col-gap-30 vce-row-equal-height vce-row-content--top\" id=\"el-8509a2a2\" data-vce-do-apply=\"all el-8509a2a2\"><div class=\"vce-row-content\" data-vce-element-content=\"true\"><div class=\"vce-col vce-col--md-54p vce-col--xs-1 vce-col--xs-last vce-col--xs-first vce-col--sm-last vce-col--sm-first vce-col--md-first vce-col--lg-first vce-col--xl-first\" id=\"el-12a7d947\"><div class=\"vce-col-inner\" data-vce-do-apply=\"border margin background  el-12a7d947\"><div class=\"vce-col-content\" data-vce-element-content=\"true\" data-vce-do-apply=\"padding el-12a7d947\"><div><\/div><\/div><\/div><\/div><div class=\"vce-col vce-col--md-46p vce-col--xs-1 vce-col--xs-last vce-col--xs-first vce-col--sm-last vce-col--sm-first vce-col--md-last vce-col--lg-last vce-col--xl-last\" id=\"el-5f790c04\"><div class=\"vce-col-inner\" data-vce-do-apply=\"border margin background  el-5f790c04\"><div class=\"vce-col-content\" data-vce-element-content=\"true\" data-vce-do-apply=\"padding el-5f790c04\"><div class=\"vce-raw-html\"><div class=\"vce-raw-html-wrapper\" id=\"el-710cb78e\" data-vce-do-apply=\"all el-710cb78e\"><video width=\"456px\" height=\"569px\" controls=\"controls\">\n\t\t<source src=\"http:\/\/archivos.publitas.cl\/vellatrixfinco\/videos\/maipulife-ejecutiva.mp4\" type=\"video\/mp4\">\n<\/video><\/div><\/div><\/div><\/div><\/div><\/div><\/div><\/div><div class=\"vce-raw-html\"><div class=\"vce-raw-html-wrapper\" id=\"el-76209010\" data-vce-do-apply=\"all el-76209010\"><div style=\"height: 610px; width: 100%;\"><\/div><\/div><\/div><div class=\"vce-row-container\" data-vce-boxed-width=\"true\"><div class=\"vce-row vce-row--col-gap-30 vce-row-equal-height vce-row-content--top\" id=\"el-796b3d52\" data-vce-do-apply=\"all el-796b3d52\"><div class=\"vce-row-content\" data-vce-element-content=\"true\"><div class=\"vce-col vce-col--md-auto vce-col--xs-1 vce-col--xs-last vce-col--xs-first vce-col--sm-last vce-col--sm-first vce-col--md-last vce-col--lg-last vce-col--xl-last vce-col--md-first vce-col--lg-first vce-col--xl-first\" id=\"el-13d97ac9\"><div class=\"vce-col-inner\" data-vce-do-apply=\"border margin background  el-13d97ac9\"><div class=\"vce-col-content\" data-vce-element-content=\"true\" data-vce-do-apply=\"padding el-13d97ac9\"><div><\/div><\/div><\/div><\/div><\/div><\/div><\/div><\/div><\/div><\/div><\/div><\/div><\/div><div class=\"vce-row-container\" data-vce-boxed-width=\"true\"><div class=\"vce-row vce-row--col-gap-30 vce-row-equal-height vce-row-content--top\" id=\"el-5d36780e\" data-vce-do-apply=\"all el-5d36780e\"><div class=\"vce-row-content\" data-vce-element-content=\"true\"><div class=\"vce-col vce-col--md-auto vce-col--xs-1 vce-col--xs-last vce-col--xs-first vce-col--sm-last vce-col--sm-first vce-col--md-last vce-col--lg-last vce-col--xl-last vce-col--md-first vce-col--lg-first vce-col--xl-first\" id=\"el-1bd4c7e7\"><div class=\"vce-col-inner\" data-vce-do-apply=\"border margin background  el-1bd4c7e7\"><div class=\"vce-col-content\" data-vce-element-content=\"true\" data-vce-do-apply=\"padding el-1bd4c7e7\"><div class=\"vce-button--style-basic-container vce-button--style-basic-container--align-center\"><span class=\"vce-button--style-basic-wrapper vce vce-button--style-basic-wrapper--stretched\" id=\"el-738590de\" data-vce-do-apply=\"margin el-738590de\"><a class=\"vce-button vce-button--style-basic vce-button--style-basic--border-rounded vce-button--style-basic--size-large vce-button--style-basic--color-b-27-52-241--fff\" href=\"http:\/\/archivos.publitas.cl\/vellatrixfinco\/maipu-life\/modelos-maipu-life\/\" title=\"\" id=\"btnVerModelos\" data-vce-do-apply=\"padding border background  el-738590de\">Ver modelos<\/a><\/span><\/div><\/div><\/div><\/div><\/div><\/div><\/div><div class=\"vce-row-container\" data-vce-boxed-width=\"true\"><div class=\"vce-row vce-row--col-gap-30 vce-row-equal-height vce-row-content--top\" id=\"el-e382e2cf\" data-vce-do-apply=\"all el-e382e2cf\"><div class=\"vce-row-content\" data-vce-element-content=\"true\"><div class=\"vce-col vce-col--md-auto vce-col--xs-1 vce-col--xs-last vce-col--xs-first vce-col--sm-last vce-col--sm-first vce-col--md-last vce-col--lg-last vce-col--xl-last vce-col--md-first vce-col--lg-first vce-col--xl-first\" id=\"el-31a32681\"><div class=\"vce-col-inner\" data-vce-do-apply=\"border margin background  el-31a32681\"><div class=\"vce-col-content\" data-vce-element-content=\"true\" data-vce-do-apply=\"padding el-31a32681\"><div class=\"vce-text-block\"><div class=\"vce-text-block-wrapper vce\" id=\"el-3771dcd8\" data-vce-do-apply=\"all el-3771dcd8\"><p class=\"direccion\">Maip\u00fa 1318, esquina Paicav\u00ed \u00b7 Concepci\u00f3n<\/p><\/div><\/div><\/div><\/div><\/div><\/div><\/div><\/div><div class=\"vce-row-container\" id=\"navegacion\"><div class=\"vce-row vce-row--col-gap-0 vce-row-equal-height vce-row-content--top\" data-vce-full-width=\"true\" data-vce-stretch-content=\"true\" vce-box-shadow=\"el-2f3faaf0\" id=\"el-2f3faaf0\" data-vce-do-apply=\"all el-2f3faaf0\"><div class=\"vce-content-background-container\"><\/div><div class=\"vce-row-content\" data-vce-element-content=\"true\"><div class=\"vce-col vce-col--md-50p vce-col--xs-1 vce-col--xs-last vce-col--xs-first vce-col--sm-last vce-col--sm-first vce-col--md-first vce-col--lg-first vce-col--xl-first\" id=\"el-3bec1727\"><div class=\"vce-col-inner\" data-vce-do-apply=\"border margin background  el-3bec1727\"><div class=\"vce-content-background-container\"><\/div><div class=\"vce-col-content\" data-vce-element-content=\"true\" data-vce-do-apply=\"padding el-3bec1727\"><div class=\"vce-single-image-container vce-single-image--align-center\"><div class=\"vce vce-single-image-wrapper\" id=\"el-9685babb\" data-vce-do-apply=\"all el-9685babb\"><figure><div class=\"vce-single-image-figure-inner\" style=\"width: 540px;\"><a href=\"https:\/\/archivos.publitas.cl\/vellatrixfinco\/\" title=\"\" class=\"vce-single-image-inner vce-single-image--absolute\" style=\"width: 100%; padding-bottom: 46.2963%;\"><img loading=\"lazy\" decoding=\"async\" class=\"vce-single-image\"  width=\"540\" height=\"250\" srcset=\"https:\/\/archivos.publitas.cl\/vellatrixfinco\/wp-content\/uploads\/2023\/05\/btnInicio-320x148.png 320w, https:\/\/archivos.publitas.cl\/vellatrixfinco\/wp-content\/uploads\/2023\/05\/btnInicio-480x222.png 480w, https:\/\/archivos.publitas.cl\/vellatrixfinco\/wp-content\/uploads\/2024\/04\/btnInicio-540x250.png 540w\" src=\"https:\/\/archivos.publitas.cl\/vellatrixfinco\/wp-content\/uploads\/2024\/04\/btnInicio-540x250.png\" data-img-src=\"https:\/\/archivos.publitas.cl\/vellatrixfinco\/wp-content\/uploads\/2023\/05\/btnInicio.png\" data-attachment-id=\"38\"  alt=\"\" title=\"btnInicio\" \/><\/a><\/div><figcaption hidden=\"\"><\/figcaption><\/figure><\/div><\/div><\/div><\/div><\/div><div class=\"vce-col vce-col--md-50p vce-col--xs-1 vce-col--xs-last vce-col--xs-first vce-col--sm-last vce-col--sm-first vce-col--md-last vce-col--lg-last vce-col--xl-last\" id=\"el-13be7258\"><div class=\"vce-col-inner\" data-vce-do-apply=\"border margin background  el-13be7258\"><div class=\"vce-col-content\" data-vce-element-content=\"true\" data-vce-do-apply=\"padding el-13be7258\"><div class=\"vce-single-image-container vce-single-image--align-center\"><div class=\"vce vce-single-image-wrapper\" id=\"el-fa023ff5\" data-vce-do-apply=\"all el-fa023ff5\"><figure><div class=\"vce-single-image-figure-inner\" style=\"width: 540px;\"><a href=\"https:\/\/archivos.publitas.cl\/vellatrixfinco\/\" title=\"\" class=\"vce-single-image-inner vce-single-image--absolute\" style=\"width: 100%; padding-bottom: 46.2963%;\"><img loading=\"lazy\" decoding=\"async\" class=\"vce-single-image\"  width=\"540\" height=\"250\" srcset=\"https:\/\/archivos.publitas.cl\/vellatrixfinco\/wp-content\/uploads\/2023\/05\/btnVolver-320x148.png 320w, https:\/\/archivos.publitas.cl\/vellatrixfinco\/wp-content\/uploads\/2023\/05\/btnVolver-480x222.png 480w, https:\/\/archivos.publitas.cl\/vellatrixfinco\/wp-content\/uploads\/2024\/04\/btnVolver-540x250.png 540w\" src=\"https:\/\/archivos.publitas.cl\/vellatrixfinco\/wp-content\/uploads\/2024\/04\/btnVolver-540x250.png\" data-img-src=\"https:\/\/archivos.publitas.cl\/vellatrixfinco\/wp-content\/uploads\/2023\/05\/btnVolver.png\" data-attachment-id=\"58\"  alt=\"\" title=\"btnVolver\" \/><\/a><\/div><figcaption hidden=\"\"><\/figcaption><\/figure><\/div><\/div><\/div><\/div><\/div><\/div><\/div><\/div>","protected":false},"excerpt":{"rendered":"<p>Maip\u00fa LifeConcepci\u00f3nEntrega Inmediata1 y 2 dormsDesde 2.962 UF Ver modelosMaip\u00fa 1318, esquina Paicav\u00ed \u00b7 Concepci\u00f3n<\/p>\n","protected":false},"author":1,"featured_media":0,"parent":0,"menu_order":0,"comment_status":"closed","ping_status":"closed","template":"","meta":{"footnotes":""},"class_list":["post-26","page","type-page","status-publish","hentry"],"_links":{"self":[{"href":"https:\/\/archivos.publitas.cl\/vellatrixfinco\/wp-json\/wp\/v2\/pages\/26","targetHints":{"allow":["GET"]}}],"collection":[{"href":"https:\/\/archivos.publitas.cl\/vellatrixfinco\/wp-json\/wp\/v2\/pages"}],"about":[{"href":"https:\/\/archivos.publitas.cl\/vellatrixfinco\/wp-json\/wp\/v2\/types\/page"}],"author":[{"embeddable":true,"href":"https:\/\/archivos.publitas.cl\/vellatrixfinco\/wp-json\/wp\/v2\/users\/1"}],"replies":[{"embeddable":true,"href":"https:\/\/archivos.publitas.cl\/vellatrixfinco\/wp-json\/wp\/v2\/comments?post=26"}],"version-history":[{"count":17,"href":"https:\/\/archivos.publitas.cl\/vellatrixfinco\/wp-json\/wp\/v2\/pages\/26\/revisions"}],"predecessor-version":[{"id":159,"href":"https:\/\/archivos.publitas.cl\/vellatrixfinco\/wp-json\/wp\/v2\/pages\/26\/revisions\/159"}],"wp:attachment":[{"href":"https:\/\/archivos.publitas.cl\/vellatrixfinco\/wp-json\/wp\/v2\/media?parent=26"}],"curies":[{"name":"wp","href":"https:\/\/api.w.org\/{rel}","templated":true}]}}